{"id":3979,"date":"2023-02-26T22:40:34","date_gmt":"2023-02-26T19:40:34","guid":{"rendered":"https:\/\/a-aluminyum.com.tr\/?page_id=3979"},"modified":"2025-04-12T13:20:12","modified_gmt":"2025-04-12T10:20:12","slug":"politikalarimiz","status":"publish","type":"page","link":"https:\/\/a-aluminyum.com.tr\/en\/politikalarimiz\/","title":{"rendered":"Our Policies"},"content":{"rendered":"\t\t<div data-elementor-type=\"wp-page\" data-elementor-id=\"3979\" class=\"elementor elementor-3979\">\n\t\t\t\t<div class=\"elementor-element elementor-element-400e8ce e-flex e-con-boxed e-con e-parent\" data-id=\"400e8ce\" data-element_type=\"container\" data-e-type=\"container\" data-settings=\"{&quot;background_background&quot;:&quot;classic&quot;}\">\n\t\t\t\t\t<div class=\"e-con-inner\">\n\t\t\t\t<div class=\"elementor-element elementor-element-5048b71 elementor-widget elementor-widget-heading\" data-id=\"5048b71\" data-element_type=\"widget\" data-e-type=\"widget\" data-widget_type=\"heading.default\">\n\t\t\t\t\t<h2 class=\"elementor-heading-title elementor-size-default\">Politikalar\u0131m\u0131z<\/h2>\t\t\t\t<\/div>\n\t\t\t\t<div class=\"elementor-element elementor-element-a1d74a5 elementor-widget elementor-widget-html\" data-id=\"a1d74a5\" data-element_type=\"widget\" data-e-type=\"widget\" data-widget_type=\"html.default\">\n\t\t\t\t\t<nav class=\"ct-breadcrumbs\" itemscope=\"\" itemtype=\"https:\/\/schema.org\/BreadcrumbList\"><span class=\"first-item\" itemscope=\"\" itemprop=\"itemListElement\" itemtype=\"https:\/\/schema.org\/ListItem\"><meta itemprop=\"position\" content=\"1\"><a href=\"https:\/\/a-aluminyum.com.tr\/\" itemprop=\"item\"><span itemprop=\"name\">Anasayfa<\/span><\/a><meta itemprop=\"url\" content=\"https:\/\/a-aluminyum.com.tr\/\"><svg class=\"separator\" width=\"8\" height=\"8\" viewBox=\"0 0 8 8\">\n\t\t\t\t<path d=\"M2,6.9L4.8,4L2,1.1L2.6,0l4,4l-4,4L2,6.9z\"><\/path>\n\t\t\t<\/svg><\/span><span class=\"last-item\" itemscope=\"\" itemprop=\"itemListElement\" itemtype=\"https:\/\/schema.org\/ListItem\"><meta itemprop=\"position\" content=\"2\"><span itemprop=\"name\">Politikalar\u0131m\u0131z<\/span><meta itemprop=\"url\" content=\"https:\/\/a-aluminyum.com.tr\/blog\/\"><\/span>\t\t\t<\/nav>\t\t\t\t<\/div>\n\t\t\t\t\t<\/div>\n\t\t\t\t<\/div>\n\t\t<div class=\"elementor-element elementor-element-630b7cd e-flex e-con-boxed e-con e-parent\" data-id=\"630b7cd\" data-element_type=\"container\" data-e-type=\"container\">\n\t\t\t\t\t<div class=\"e-con-inner\">\n\t\t<div class=\"elementor-element elementor-element-e1caca3 e-con-full e-flex elementor-invisible e-con e-child\" data-id=\"e1caca3\" data-element_type=\"container\" data-e-type=\"container\" data-settings=\"{&quot;animation&quot;:&quot;bounceInLeft&quot;}\">\n\t\t\t\t<div class=\"elementor-element elementor-element-9393fc4 elementor-widget elementor-widget-heading\" data-id=\"9393fc4\" data-element_type=\"widget\" data-e-type=\"widget\" data-widget_type=\"heading.default\">\n\t\t\t\t\t<h2 class=\"elementor-heading-title elementor-size-default\">\u00dcretim Politikas\u0131<\/h2>\t\t\t\t<\/div>\n\t\t\t\t<div class=\"elementor-element elementor-element-d2a0871 elementor-widget elementor-widget-text-editor\" data-id=\"d2a0871\" data-element_type=\"widget\" data-e-type=\"widget\" data-widget_type=\"text-editor.default\">\n\t\t\t\t\t\t\t\t\t<p>\u00dcretim politikam\u0131zda, \u00fcretim s\u00fcrecinden ba\u015flayarak, m\u00fc\u015fteri taleplerine g\u00f6re \u00f6zel \u00fcretim yapabilmek i\u00e7in en son teknolojileri kullan\u0131yoruz. Bu sayede \u00fcr\u00fcnlerimizin kalitesi ve hassasiyeti en y\u00fcksek seviyede olmaktad\u0131r. Ayr\u0131ca, \u00fcretim s\u00fcrecinde s\u00fcrekli kontrol mekanizmalar\u0131 kullanarak \u00fcretim kalitesini s\u00fcrekli olarak izliyoruz. Bu sayede m\u00fc\u015fterilerimize en iyi \u00fcr\u00fcnleri sunabiliyoruz.<\/p><p>\u00a0<\/p><p>Ayn\u0131 zamanda, \u00fcretim s\u00fcrecinde \u00e7evre dostu \u00fcretim tekniklerini kullanarak \u00e7evre dostu \u00fcr\u00fcnler \u00fcretiyoruz. Bu sayede do\u011faya ve insan sa\u011fl\u0131\u011f\u0131na zarar vermeden \u00fcretim yapabiliyoruz. \u00dcretim s\u00fcrecinde kulland\u0131\u011f\u0131m\u0131z hammaddeler de \u00e7evre dostu olarak se\u00e7ilmektedir. Bu \u015fekilde hem \u00fcr\u00fcn kalitesi hem de \u00e7evre konusunda sorumlu bir \u00fcretim yapabiliyoruz.<\/p>\t\t\t\t\t\t\t\t<\/div>\n\t\t\t\t<\/div>\n\t\t<div class=\"elementor-element elementor-element-fe420a6 e-con-full e-flex elementor-invisible e-con e-child\" data-id=\"fe420a6\" data-element_type=\"container\" data-e-type=\"container\" data-settings=\"{&quot;animation&quot;:&quot;bounceInRight&quot;}\">\n\t\t\t\t<div class=\"elementor-element elementor-element-326e43b elementor-widget elementor-widget-image\" data-id=\"326e43b\" data-element_type=\"widget\" data-e-type=\"widget\" data-widget_type=\"image.default\">\n\t\t\t\t\t\t\t\t\t\t\t\t\t\t\t<img fetchpriority=\"high\" decoding=\"async\" width=\"500\" height=\"411\" src=\"https:\/\/a-aluminyum.com.tr\/wp-content\/uploads\/2023\/02\/uretimpolitikasi.jpg\" class=\"attachment-full size-full wp-image-3990\" alt=\"\" srcset=\"https:\/\/a-aluminyum.com.tr\/wp-content\/uploads\/2023\/02\/uretimpolitikasi.jpg 500w, https:\/\/a-aluminyum.com.tr\/wp-content\/uploads\/2023\/02\/uretimpolitikasi-300x247.jpg 300w, https:\/\/a-aluminyum.com.tr\/wp-content\/uploads\/2023\/02\/uretimpolitikasi-15x12.jpg 15w\" sizes=\"(max-width: 500px) 100vw, 500px\" \/>\t\t\t\t\t\t\t\t\t\t\t\t\t\t\t<\/div>\n\t\t\t\t<\/div>\n\t\t\t\t\t<\/div>\n\t\t\t\t<\/div>\n\t\t<div class=\"elementor-element elementor-element-10c10ad e-flex e-con-boxed e-con e-parent\" data-id=\"10c10ad\" data-element_type=\"container\" data-e-type=\"container\">\n\t\t\t\t\t<div class=\"e-con-inner\">\n\t\t<div class=\"elementor-element elementor-element-1aace0d e-con-full e-flex elementor-invisible e-con e-child\" data-id=\"1aace0d\" data-element_type=\"container\" data-e-type=\"container\" data-settings=\"{&quot;animation&quot;:&quot;bounceInRight&quot;}\">\n\t\t\t\t<div class=\"elementor-element elementor-element-96ea636 elementor-widget elementor-widget-heading\" data-id=\"96ea636\" data-element_type=\"widget\" data-e-type=\"widget\" data-widget_type=\"heading.default\">\n\t\t\t\t\t<h2 class=\"elementor-heading-title elementor-size-default\">\u0130nsan Kaynaklar\u0131 Politikas\u0131<\/h2>\t\t\t\t<\/div>\n\t\t\t\t<div class=\"elementor-element elementor-element-0057901 elementor-widget elementor-widget-text-editor\" data-id=\"0057901\" data-element_type=\"widget\" data-e-type=\"widget\" data-widget_type=\"text-editor.default\">\n\t\t\t\t\t\t\t\t\t<p>\u0130nsan kaynaklar\u0131 politikam\u0131zda, \u00e7al\u0131\u015fanlar\u0131m\u0131z\u0131n yeteneklerini ve potansiyellerini en iyi \u015fekilde kullanmalar\u0131n\u0131 sa\u011flamak amac\u0131yla s\u00fcrekli e\u011fitim ve geli\u015fim programlar\u0131 d\u00fczenliyoruz. \u00c7al\u0131\u015fanlar\u0131m\u0131z\u0131n kariyer geli\u015fimine destek veren bir ortam olu\u015fturuyoruz. Ayr\u0131ca, i\u015fe al\u0131m s\u00fcrecinde adil ve objektif bir yakla\u015f\u0131m izliyoruz.<\/p><p>\u00a0<\/p><p>Ayn\u0131 zamanda, \u00e7al\u0131\u015fanlar\u0131m\u0131z\u0131n sa\u011fl\u0131kl\u0131 ve mutlu bir \u00e7al\u0131\u015fma ortam\u0131nda \u00e7al\u0131\u015fmas\u0131n\u0131 sa\u011flamak i\u00e7in sosyal ve k\u00fclt\u00fcrel aktiviteler d\u00fczenliyoruz. \u0130\u015f sa\u011fl\u0131\u011f\u0131 ve g\u00fcvenli\u011fi konular\u0131nda da \u00f6zenli bir yakla\u015f\u0131m sergiliyoruz. \u00c7al\u0131\u015fanlar\u0131m\u0131z\u0131n ihtiya\u00e7lar\u0131n\u0131 ve beklentilerini dikkate alarak, onlar\u0131n memnuniyetini s\u00fcrekli olarak izliyoruz.<\/p>\t\t\t\t\t\t\t\t<\/div>\n\t\t\t\t<\/div>\n\t\t<div class=\"elementor-element elementor-element-9d5917b e-con-full e-flex elementor-invisible e-con e-child\" data-id=\"9d5917b\" data-element_type=\"container\" data-e-type=\"container\" data-settings=\"{&quot;animation&quot;:&quot;bounceInLeft&quot;}\">\n\t\t\t\t<div class=\"elementor-element elementor-element-8e4dda9 elementor-widget elementor-widget-image\" data-id=\"8e4dda9\" data-element_type=\"widget\" data-e-type=\"widget\" data-widget_type=\"image.default\">\n\t\t\t\t\t\t\t\t\t\t\t\t\t\t\t<img decoding=\"async\" width=\"500\" height=\"420\" src=\"https:\/\/a-aluminyum.com.tr\/wp-content\/uploads\/2023\/02\/insankaynaklari.jpg\" class=\"attachment-full size-full wp-image-3992\" alt=\"\" srcset=\"https:\/\/a-aluminyum.com.tr\/wp-content\/uploads\/2023\/02\/insankaynaklari.jpg 500w, https:\/\/a-aluminyum.com.tr\/wp-content\/uploads\/2023\/02\/insankaynaklari-300x252.jpg 300w, https:\/\/a-aluminyum.com.tr\/wp-content\/uploads\/2023\/02\/insankaynaklari-14x12.jpg 14w\" sizes=\"(max-width: 500px) 100vw, 500px\" \/>\t\t\t\t\t\t\t\t\t\t\t\t\t\t\t<\/div>\n\t\t\t\t<\/div>\n\t\t\t\t\t<\/div>\n\t\t\t\t<\/div>\n\t\t<div class=\"elementor-element elementor-element-3690ef3 e-flex e-con-boxed elementor-invisible e-con e-parent\" data-id=\"3690ef3\" data-element_type=\"container\" data-e-type=\"container\" data-settings=\"{&quot;background_background&quot;:&quot;classic&quot;,&quot;animation&quot;:&quot;fadeInUp&quot;}\">\n\t\t\t\t\t<div class=\"e-con-inner\">\n\t\t\t\t<div class=\"elementor-element elementor-element-cccc639 elementor-widget elementor-widget-heading\" data-id=\"cccc639\" data-element_type=\"widget\" data-e-type=\"widget\" data-widget_type=\"heading.default\">\n\t\t\t\t\t<h2 class=\"elementor-heading-title elementor-size-default\">B\u00fcltenimize Abone Olun !<\/h2>\t\t\t\t<\/div>\n\t\t\t\t<div class=\"elementor-element elementor-element-374fb15 elementor-widget elementor-widget-wpforms\" data-id=\"374fb15\" data-element_type=\"widget\" data-e-type=\"widget\" data-widget_type=\"wpforms.default\">\n\t\t\t\t<div class=\"elementor-widget-container\">\n\t\t\t\t\t<div class=\"wpforms-container ct-wpforms-inline-fields\" id=\"wpforms-190\"><form id=\"wpforms-form-190\" class=\"wpforms-validate wpforms-form\" data-formid=\"190\" method=\"post\" enctype=\"multipart\/form-data\" action=\"\/en\/wp-json\/wp\/v2\/pages\/3979\" data-token=\"3f08260cd4fd55c20498b6eacd6335aa\" data-token-time=\"1778296528\"><noscript class=\"wpforms-error-noscript\">Please enable JavaScript in your browser to complete this form.<\/noscript><div class=\"wpforms-field-container\"><div id=\"wpforms-190-field_1-container\" class=\"wpforms-field wpforms-field-email\" data-field-id=\"1\"><label class=\"wpforms-field-label wpforms-label-hide\" for=\"wpforms-190-field_1\">E-Posta <span class=\"wpforms-required-label\">*<\/span><\/label><input type=\"email\" id=\"wpforms-190-field_1\" class=\"wpforms-field-large wpforms-field-required\" name=\"wpforms[fields][1]\" placeholder=\"E-Posta Adresiniz *\" spellcheck=\"false\" required><\/div><\/div><!-- .wpforms-field-container --><div class=\"wpforms-submit-container\" ><input type=\"hidden\" name=\"wpforms[id]\" value=\"190\"><input type=\"hidden\" name=\"page_title\" value=\"\"><input type=\"hidden\" name=\"page_url\" value=\"https:\/\/a-aluminyum.com.tr\/en\/wp-json\/wp\/v2\/pages\/3979\"><input type=\"hidden\" name=\"url_referer\" value=\"\"><button type=\"submit\" name=\"wpforms[submit]\" id=\"wpforms-submit-190\" class=\"wpforms-submit\" data-alt-text=\"G\u00f6nderiliyor...\" data-submit-text=\"Abone Ol\" aria-live=\"assertive\" value=\"wpforms-submit\">Abone Ol<\/button><\/div><\/form><\/div>  <!-- .wpforms-container -->\t\t\t\t<\/div>\n\t\t\t\t<\/div>\n\t\t\t\t\t<\/div>\n\t\t\t\t<\/div>\n\t\t\t\t<\/div>\n\t\t","protected":false},"excerpt":{"rendered":"<p>Politikalar\u0131m\u0131z Anasayfa Politikalar\u0131m\u0131z \u00dcretim Politikas\u0131 \u00dcretim politikam\u0131zda, \u00fcretim s\u00fcrecinden ba\u015flayarak, m\u00fc\u015fteri taleplerine g\u00f6re \u00f6zel \u00fcretim yapabilmek i\u00e7in en son teknolojileri kullan\u0131yoruz. Bu sayede \u00fcr\u00fcnlerimizin kalitesi ve hassasiyeti en y\u00fcksek seviyede olmaktad\u0131r. Ayr\u0131ca, \u00fcretim s\u00fcrecinde s\u00fcrekli kontrol mekanizmalar\u0131 kullanarak \u00fcretim kalitesini s\u00fcrekli olarak izliyoruz. Bu sayede m\u00fc\u015fterilerimize en iyi \u00fcr\u00fcnleri sunabiliyoruz. \u00a0 Ayn\u0131 zamanda, \u00fcretim s\u00fcrecinde [&hellip;]<\/p>\n","protected":false},"author":1,"featured_media":0,"parent":0,"menu_order":0,"comment_status":"closed","ping_status":"closed","template":"","meta":{"footnotes":""},"class_list":["post-3979","page","type-page","status-publish","hentry"],"blocksy_meta":{"page_title_panel":"","has_hero_section":"disabled","9a35d6300724d16f2d55836fdfcabdd7":"","hero_section":"type-1","hero_elements":[{"id":"custom_title","enabled":true,"heading_tag":"h1","title":"Home"},{"id":"custom_description","enabled":true,"description_visibility":{"desktop":true,"tablet":true,"mobile":false}},{"id":"custom_meta","enabled":false,"meta_elements":[{"id":"author","enabled":true,"label":"By","has_author_avatar":"yes","avatar_size":25},{"id":"post_date","enabled":true,"label":"On","date_format_source":"default","date_format":"M j, Y"},{"id":"updated_date","enabled":false,"label":"On","date_format_source":"default","date_format":"M j, Y"},{"id":"categories","enabled":false,"label":"In","style":"simple"},{"id":"comments","enabled":true}],"page_meta_elements":{"joined":true,"articles_count":true,"comments":true}},{"id":"breadcrumbs","enabled":false}],"5c6d2da6ec2cfc663e8d775d2f1ec022":"","hero_alignment1":"CT_CSS_SKIP_RULE","hero_margin":40,"hero_alignment2":"center","hero_vertical_alignment":"center","2b0af914513f89fb5edb12545f1745bc":"","hero_structure":"narrow","2b28b839438a7f2f102fcc06823e4a11":"","page_title_bg_type":"featured_image","custom_hero_background":{"attachment_id":null},"page_title_image_size":"full","parallax":{"desktop":false,"tablet":false,"mobile":false},"82838db4e129e7d0a64b41af777b79e9":"","hero_height":"250px","pageTitleFont":{"family":"Default","variation":"Default","size":"30px","line-height":"CT_CSS_SKIP_RULE","letter-spacing":"CT_CSS_SKIP_RULE","text-transform":"CT_CSS_SKIP_RULE","text-decoration":"CT_CSS_SKIP_RULE"},"pageTitleFontColor":{"default":{"color":"CT_CSS_SKIP_RULEDEFAULT"}},"pageMetaFont":{"family":"Default","variation":"n6","size":"12px","line-height":"1.3","letter-spacing":"CT_CSS_SKIP_RULE","text-transform":"uppercase","text-decoration":"CT_CSS_SKIP_RULE"},"pageMetaFontColor":{"default":{"color":"CT_CSS_SKIP_RULEDEFAULT"},"hover":{"color":"CT_CSS_SKIP_RULEDEFAULT"}},"page_meta_button_type_font_colors":{"default":{"color":"CT_CSS_SKIP_RULEDEFAULT"},"hover":{"color":"CT_CSS_SKIP_RULEDEFAULT"}},"page_meta_button_type_background_colors":{"default":{"color":"CT_CSS_SKIP_RULEDEFAULT"},"hover":{"color":"CT_CSS_SKIP_RULEDEFAULT"}},"pageExcerptFont":{"family":"Default","variation":"Default","size":"CT_CSS_SKIP_RULE","line-height":"CT_CSS_SKIP_RULE","letter-spacing":"CT_CSS_SKIP_RULE","text-transform":"CT_CSS_SKIP_RULE","text-decoration":"CT_CSS_SKIP_RULE"},"pageExcerptColor":{"default":{"color":"CT_CSS_SKIP_RULEDEFAULT"}},"breadcrumbsFont":{"family":"Default","variation":"Default","size":"CT_CSS_SKIP_RULE","line-height":"CT_CSS_SKIP_RULE","letter-spacing":"CT_CSS_SKIP_RULE","text-transform":"CT_CSS_SKIP_RULE","text-decoration":"CT_CSS_SKIP_RULE"},"breadcrumbsFontColor":{"default":{"color":"CT_CSS_SKIP_RULEDEFAULT"},"initial":{"color":"CT_CSS_SKIP_RULEDEFAULT"},"hover":{"color":"CT_CSS_SKIP_RULEDEFAULT"}},"pageTitleOverlay":{"background_type":"color","background_pattern":"type-1","background_image":{"attachment_id":null,"x":0,"y":0},"gradient":"linear-gradient(135deg,rgba(6,147,227,1) 0%,rgb(155,81,224) 100%)","background_repeat":"repeat","background_size":"auto","background_attachment":"scroll","patternColor":{"default":{"color":"#e5e7ea"}},"overlayColor":{"default":{"color":"CT_CSS_SKIP_RULE"}},"backgroundColor":{"default":{"color":"CT_CSS_SKIP_RULE"}}},"pageTitleBackground":{"background_type":"color","background_pattern":"type-1","background_image":{"attachment_id":null,"x":0,"y":0},"gradient":"linear-gradient(135deg,rgba(6,147,227,1) 0%,rgb(155,81,224) 100%)","background_repeat":"repeat","background_size":"auto","background_attachment":"scroll","patternColor":{"default":{"color":"#e5e7ea"}},"overlayColor":{"default":{"color":"CT_CSS_SKIP_RULE"}},"backgroundColor":{"default":{"color":"var(--theme-palette-color-6)"}}},"pageTitlePadding":{"top":"50px","bottom":"50px","left":"auto","right":"auto","linked":true},"ba52867089f8f665796409cb04f7f4ce":"","page_structure_type":"default","cf1e421ad4816a22f38e0fbf52eee9cf":"","content_style_source":"inherit","content_style":"wide","vertical_spacing_source":"custom","content_area_spacing":"none","background":{"background_type":"color","background_pattern":"type-1","background_image":{"attachment_id":null,"x":0,"y":0},"gradient":"linear-gradient(135deg,rgba(6,147,227,1) 0%,rgb(155,81,224) 100%)","background_repeat":"repeat","background_size":"auto","background_attachment":"scroll","patternColor":{"default":{"color":"#e5e7ea"}},"overlayColor":{"default":{"color":"CT_CSS_SKIP_RULE"}},"backgroundColor":{"default":{"color":"CT_CSS_SKIP_RULE"}}},"content_background":{"background_type":"color","background_pattern":"type-1","background_image":{"attachment_id":null,"x":0,"y":0},"gradient":"linear-gradient(135deg,rgba(6,147,227,1) 0%,rgb(155,81,224) 100%)","background_repeat":"repeat","background_size":"auto","background_attachment":"scroll","patternColor":{"default":{"color":"#e5e7ea"}},"overlayColor":{"default":{"color":"CT_CSS_SKIP_RULE"}},"backgroundColor":{"default":{"color":"var(--theme-palette-color-8)"}}},"content_boxed_shadow":{"inherit":false,"blur":18,"spread":-6,"v_offset":12,"h_offset":0,"inset":false,"enable":true,"color":{"color":"rgba(34, 56, 101, 0.04)"}},"content_boxed_border":{"width":1,"style":"none","color":{"color":"rgba(44,62,80,0.2)"}},"content_boxed_radius":{"top":"3px","bottom":"3px","left":"3px","right":"3px","linked":true},"boxed_content_spacing":{"desktop":{"top":"40px","bottom":"40px","left":"40px","right":"40px","linked":true},"tablet":{"top":"35px","bottom":"35px","left":"35px","right":"35px","linked":true},"mobile":{"top":"20px","bottom":"20px","left":"20px","right":"20px","linked":true}},"48f25a16c1e7bd1af600f8aace204912":"","disable_featured_image":"no","disable_share_box":"no","disable_header":"no","disable_footer":"no","styles_descriptor":{"styles":{"desktop":"","tablet":"","mobile":""},"google_fonts":[],"version":6}},"_links":{"self":[{"href":"https:\/\/a-aluminyum.com.tr\/en\/wp-json\/wp\/v2\/pages\/3979","targetHints":{"allow":["GET"]}}],"collection":[{"href":"https:\/\/a-aluminyum.com.tr\/en\/wp-json\/wp\/v2\/pages"}],"about":[{"href":"https:\/\/a-aluminyum.com.tr\/en\/wp-json\/wp\/v2\/types\/page"}],"author":[{"embeddable":true,"href":"https:\/\/a-aluminyum.com.tr\/en\/wp-json\/wp\/v2\/users\/1"}],"replies":[{"embeddable":true,"href":"https:\/\/a-aluminyum.com.tr\/en\/wp-json\/wp\/v2\/comments?post=3979"}],"version-history":[{"count":0,"href":"https:\/\/a-aluminyum.com.tr\/en\/wp-json\/wp\/v2\/pages\/3979\/revisions"}],"wp:attachment":[{"href":"https:\/\/a-aluminyum.com.tr\/en\/wp-json\/wp\/v2\/media?parent=3979"}],"curies":[{"name":"wp","href":"https:\/\/api.w.org\/{rel}","templated":true}]}}